{"id":9,"date":"2019-04-08T12:55:20","date_gmt":"2019-04-08T12:55:20","guid":{"rendered":"https:\/\/hydropower.al\/?page_id=9"},"modified":"2023-11-08T13:30:18","modified_gmt":"2023-11-08T12:30:18","slug":"kreu","status":"publish","type":"page","link":"https:\/\/hydropower.al\/","title":{"rendered":"KREU"},"content":{"rendered":"<div class=\"wpb-content-wrapper\"><p>[vc_row bg_type=&#8221;image&#8221; parallax_style=&#8221;vcpb-default&#8221; bg_image_new=&#8221;id^11|url^https:\/\/hydropower.al\/wp-content\/uploads\/2019\/04\/banner.png|caption^null|alt^null|title^null|description^null&#8221; bg_image_repeat=&#8221;no-repeat&#8221; bg_override=&#8221;ex-full&#8221; css=&#8221;.vc_custom_1554728546187{margin-top: -70px !important;}&#8221;][vc_column width=&#8221;1\/3&#8243; offset=&#8221;vc_hidden-sm vc_hidden-xs&#8221;][vc_empty_space][vc_custom_heading text=&#8221;PJES\u00cb K\u00cbMBIMI&#8221; font_container=&#8221;tag:h3|text_align:left|color:%23ffffff&#8221; google_fonts=&#8221;font_family:Open%20Sans%3A300%2C300italic%2Cregular%2Citalic%2C600%2C600italic%2C700%2C700italic%2C800%2C800italic|font_style:600%20bold%20regular%3A600%3Anormal&#8221;][vc_custom_heading text=&#8221;P\u00cbR EKSKAVATOR\u00cb&#8221; font_container=&#8221;tag:h3|text_align:left|color:%23e21e26&#8243; google_fonts=&#8221;font_family:Open%20Sans%3A300%2C300italic%2Cregular%2Citalic%2C600%2C600italic%2C700%2C700italic%2C800%2C800italic|font_style:600%20bold%20regular%3A600%3Anormal&#8221;][vc_empty_space][vc_empty_space height=&#8221;50px&#8221;][\/vc_column][vc_column width=&#8221;1\/3&#8243; offset=&#8221;vc_hidden-sm vc_hidden-xs&#8221;][vc_empty_space][vc_custom_heading text=&#8221;Hydropower Albania sjell p\u00ebr ju pjes\u00eb k\u00ebmbimi si: pjes\u00eb n\u00ebnkarrocerie, motorri, pompa, filtra, tuba, lubrifikant\u00eb, zinxhir\u00eb.&#8221; font_container=&#8221;tag:h6|text_align:left|color:%23ffffff&#8221; google_fonts=&#8221;font_family:Open%20Sans%3A300%2C300italic%2Cregular%2Citalic%2C600%2C600italic%2C700%2C700italic%2C800%2C800italic|font_style:700%20bold%20regular%3A700%3Anormal&#8221; css=&#8221;.vc_custom_1655713928807{margin-left: -140px !important;padding-right: 100px !important;}&#8221;][\/vc_column][vc_column width=&#8221;1\/3&#8243; offset=&#8221;vc_hidden-sm vc_hidden-xs&#8221;][\/vc_column][\/vc_row][vc_row bg_type=&#8221;bg_color&#8221; bg_override=&#8221;ex-full&#8221; bg_color_value=&#8221;#1c1c1c&#8221;][vc_column offset=&#8221;vc_hidden-lg vc_hidden-md&#8221;][vc_empty_space][vc_custom_heading text=&#8221;PJES\u00cb K\u00cbMBIMI&#8221; font_container=&#8221;tag:h3|text_align:center|color:%23ffffff&#8221; google_fonts=&#8221;font_family:Open%20Sans%3A300%2C300italic%2Cregular%2Citalic%2C600%2C600italic%2C700%2C700italic%2C800%2C800italic|font_style:600%20bold%20regular%3A600%3Anormal&#8221;][vc_custom_heading text=&#8221;P\u00cbR EKSKAVATOR\u00cb&#8221; font_container=&#8221;tag:h3|text_align:center|color:%23e21e26&#8243; google_fonts=&#8221;font_family:Open%20Sans%3A300%2C300italic%2Cregular%2Citalic%2C600%2C600italic%2C700%2C700italic%2C800%2C800italic|font_style:600%20bold%20regular%3A600%3Anormal&#8221;][vc_custom_heading text=&#8221;Hydropower Albania sjell p\u00ebr ju pjes\u00eb k\u00ebmbimi si: pjes\u00eb n\u00ebnkarrocerie, motorri, pompa filtra, tuba, lubrifikant\u00eb, zinxhir\u00eb.&#8221; font_container=&#8221;tag:h6|text_align:center|color:%23ffffff&#8221; google_fonts=&#8221;font_family:Open%20Sans%3A300%2C300italic%2Cregular%2Citalic%2C600%2C600italic%2C700%2C700italic%2C800%2C800italic|font_style:700%20bold%20regular%3A700%3Anormal&#8221;][vc_empty_space height=&#8221;12px&#8221;][\/vc_column][\/vc_row][vc_row bg_type=&#8221;image&#8221; parallax_style=&#8221;vcpb-default&#8221; bg_image_new=&#8221;id^26|url^https:\/\/hydropower.al\/wp-content\/uploads\/2019\/04\/bg7.png|caption^null|alt^null|title^null|description^null&#8221; bg_image_repeat=&#8221;no-repeat&#8221; bg_override=&#8221;ex-full&#8221; css=&#8221;.vc_custom_1554730678908{margin-top: -45px !important;}&#8221;][vc_column offset=&#8221;vc_hidden-sm vc_hidden-xs&#8221;][vc_custom_heading text=&#8221;Mir\u00eb se vini&#8221; font_container=&#8221;tag:h1|text_align:center|color:%23292929&#8243; google_fonts=&#8221;font_family:Open%20Sans%3A300%2C300italic%2Cregular%2Citalic%2C600%2C600italic%2C700%2C700italic%2C800%2C800italic|font_style:400%20regular%3A400%3Anormal&#8221;][vc_custom_heading text=&#8221;Ne ju ofrojm\u00eb pjes\u00eb k\u00ebmbimi dhe sh\u00ebrbime p\u00ebr makinerit\u00eb tuaja&#8221; font_container=&#8221;tag:h4|text_align:center|color:%23292929&#8243; google_fonts=&#8221;font_family:Open%20Sans%3A300%2C300italic%2Cregular%2Citalic%2C600%2C600italic%2C700%2C700italic%2C800%2C800italic|font_style:400%20regular%3A400%3Anormal&#8221;][vc_row_inner css=&#8221;.vc_custom_1554730667013{background-position: 0 0 !important;background-repeat: no-repeat !important;}&#8221;][vc_column_inner width=&#8221;1\/2&#8243;][vc_column_text css=&#8221;.vc_custom_1699446572244{padding-top: 20px !important;padding-left: 150px !important;}&#8221;]<\/p>\n<p style=\"text-align: justify; font-size: 20px;\"><span style=\"color: #292929;\">Kompani e themeluar 18 vite m\u00eb par\u00eb me seli n\u00eb Tiran\u00eb e cila ushtron aktivitetin e saj n\u00eb fush\u00ebn e makinerive t\u00eb r\u00ebnda dhe m\u00eb specifikisht n\u00eb at\u00eb t\u00eb ekskavator\u00ebve. Ne sjellim n\u00eb tregun shqiptar pjes\u00eb k\u00ebmbimi: si pjes\u00eb motorrike, pompa, filtra, tuba, lubrifikant\u00eb, zinxhir\u00eb, pjes\u00eb p\u00ebr n\u00ebnkarrocerin\u00eb, etj.<\/span><\/p>\n<p>[\/vc_column_text][\/vc_column_inner][vc_column_inner width=&#8221;1\/2&#8243;][vc_single_image image=&#8221;480&#8243; img_size=&#8221;full&#8221; image_hovers=&#8221;false&#8221; el_class=&#8221;img&#8221;][\/vc_column_inner][\/vc_row_inner][\/vc_column][\/vc_row][vc_row bg_type=&#8221;image&#8221; parallax_style=&#8221;vcpb-default&#8221; bg_image_new=&#8221;id^26|url^https:\/\/hydropower.al\/wp-content\/uploads\/2019\/04\/bg7.png|caption^null|alt^null|title^null|description^null&#8221; bg_image_repeat=&#8221;no-repeat&#8221; bg_override=&#8221;ex-full&#8221;][vc_column offset=&#8221;vc_hidden-lg vc_hidden-md&#8221;][vc_empty_space][vc_custom_heading text=&#8221;Mir\u00ebsevini&#8221; font_container=&#8221;tag:h1|text_align:center|color:%23292929&#8243; google_fonts=&#8221;font_family:Open%20Sans%3A300%2C300italic%2Cregular%2Citalic%2C600%2C600italic%2C700%2C700italic%2C800%2C800italic|font_style:400%20regular%3A400%3Anormal&#8221;][vc_custom_heading text=&#8221;Ne ju ofrojm\u00eb pjes\u00eb k\u00ebmbimi dhe sh\u00ebrbime p\u00ebr makinerit\u00eb tuaja&#8221; font_container=&#8221;tag:h4|text_align:center|color:%23292929&#8243; google_fonts=&#8221;font_family:Open%20Sans%3A300%2C300italic%2Cregular%2Citalic%2C600%2C600italic%2C700%2C700italic%2C800%2C800italic|font_style:400%20regular%3A400%3Anormal&#8221;][vc_row_inner css=&#8221;.vc_custom_1554730667013{background-position: 0 0 !important;background-repeat: no-repeat !important;}&#8221;][vc_column_inner][vc_column_text]<\/p>\n<p style=\"font-size: 20px; text-align: center;\"><span style=\"color: #292929;\">Kompani e themeluar 18 vite m\u00eb par\u00eb me seli n\u00eb Tiran\u00eb e cila ushtron aktivitetin e saj n\u00eb fush\u00ebn e makinerive t\u00eb r\u00ebnda dhe m\u00eb specifikisht n\u00eb at\u00eb t\u00eb ekskavator\u00ebve. Prej 18 vitesh ne sjellim n\u00eb tregun shqiptar pjes\u00eb k\u00ebmbimi: si pjes\u00ebt p\u00ebr motorr, pompa, filtra, tuba, lubrifikant\u00eb, zinxhir\u00eb, pjes\u00eb p\u00ebr n\u00ebnkarrocerin\u00eb.<\/span><\/p>\n<p>[\/vc_column_text][vc_single_image image=&#8221;480&#8243; img_size=&#8221;full&#8221; image_hovers=&#8221;false&#8221; el_class=&#8221;img&#8221;][\/vc_column_inner][\/vc_row_inner][\/vc_column][\/vc_row][vc_row bg_type=&#8221;image&#8221; parallax_style=&#8221;vcpb-default&#8221; bg_image_new=&#8221;id^28|url^https:\/\/hydropower.al\/wp-content\/uploads\/2019\/04\/produktet-background.jpg|caption^null|alt^null|title^null|description^null&#8221; bg_image_repeat=&#8221;no-repeat&#8221; bg_override=&#8221;ex-full&#8221;][vc_column][vc_custom_heading text=&#8221;Produktet Tona&#8221; font_container=&#8221;tag:h1|text_align:center|color:%23ffffff&#8221; google_fonts=&#8221;font_family:Open%20Sans%3A300%2C300italic%2Cregular%2Citalic%2C600%2C600italic%2C700%2C700italic%2C800%2C800italic|font_style:400%20regular%3A400%3Anormal&#8221;][vc_custom_heading text=&#8221;Ne ju ofrojm\u00eb pjes\u00eb k\u00ebmbimi dhe sh\u00ebrbime p\u00ebr makinerit\u00eb tuaja&#8221; font_container=&#8221;tag:h4|text_align:center|color:%23ffffff&#8221; google_fonts=&#8221;font_family:Open%20Sans%3A300%2C300italic%2Cregular%2Citalic%2C600%2C600italic%2C700%2C700italic%2C800%2C800italic|font_style:400%20regular%3A400%3Anormal&#8221;][vc_empty_space][vc_row_inner][vc_column_inner width=&#8221;1\/3&#8243;]<div class=\"standard-arrow bullet-top\"><ul>\n<li><span style=\"color: #ffffff;\">Malie, Bokull, Spinot\u00eb<\/span><\/li>\n<li><span style=\"color: #ffffff;\">Pllaka Zinxhiri<\/span><\/li>\n<li><span style=\"color: #ffffff;\">Rrot\u00eb Drejtuese<\/span><\/li>\n<li><span style=\"color: #ffffff;\">Rrot\u00eb Yll<\/span><\/li>\n<li><span style=\"color: #ffffff;\">Rrula t\u00eb Sip\u00ebrm<\/span><\/li>\n<li><span style=\"color: #ffffff;\">Rrula t\u00eb Posht\u00ebm<\/span><\/li>\n<li><span style=\"color: #ffffff;\">Filtra<\/span><\/li>\n<\/ul>\n<\/div>[\/vc_column_inner][vc_column_inner width=&#8221;1\/3&#8243;]<div class=\"standard-arrow bullet-top\"><ul>\n<li><span style=\"color: #ffffff;\">Bjella &amp; Bronzina<\/span><\/li>\n<li><span style=\"color: #ffffff;\">Dinamo &amp; Motorrino<\/span><\/li>\n<li><span style=\"color: #ffffff;\">K\u00ebmish\u00eb &amp; Fasho Pistoni<\/span><\/li>\n<li><span style=\"color: #ffffff;\">Kollodok<\/span><\/li>\n<li><span style=\"color: #ffffff;\">Set Guanicioni<\/span><\/li>\n<li><span style=\"color: #ffffff;\">Testat\u00eb<\/span><\/li>\n<li><span style=\"color: #ffffff;\">Rekorde &amp; Tuba<\/span><\/li>\n<\/ul>\n<\/div>[\/vc_column_inner][vc_column_inner width=&#8221;1\/3&#8243;]<div class=\"standard-arrow bullet-top\"><ul>\n<li><span style=\"color: #ffffff;\">Grup Timoni<\/span><\/li>\n<li><span style=\"color: #ffffff;\">Pjes\u00eb Pompe<\/span><\/li>\n<li><span style=\"color: #ffffff;\">Pompa Hidraulike<\/span><\/li>\n<li><span style=\"color: #ffffff;\">Pompa Kambio<\/span><\/li>\n<li><span style=\"color: #ffffff;\">Pompa Ndihm\u00ebse<\/span><\/li>\n<li><span style=\"color: #ffffff;\">Pompa Uji<\/span><\/li>\n<li><span style=\"color: #ffffff;\">Zinxhir\u00eb Gome<\/span><\/li>\n<\/ul>\n<\/div>[\/vc_column_inner][\/vc_row_inner][vc_empty_space][\/vc_column][\/vc_row][vc_row][vc_column][vc_custom_heading text=&#8221;Ne jemi distributor\u00eb t\u00eb autorizuar t\u00eb&#8221; font_container=&#8221;tag:h1|text_align:center|color:%23292929&#8243; google_fonts=&#8221;font_family:Open%20Sans%3A300%2C300italic%2Cregular%2Citalic%2C600%2C600italic%2C700%2C700italic%2C800%2C800italic|font_style:400%20regular%3A400%3Anormal&#8221;][vc_empty_space height=&#8221;40px&#8221;][vc_row_inner][vc_column_inner]<div id=\"ult-carousel-262289853169f87a0df36ca\" class=\"ult-carousel-wrapper   ult_horizontal\" data-gutter=\"15\" data-rtl=\"false\" ><div class=\"ult-carousel-83105557569f87a0df35db \" >[vc_single_image image=&#8221;36&#8243; img_size=&#8221;full&#8221; alignment=&#8221;center&#8221; onclick=&#8221;custom_link&#8221; image_hovers=&#8221;false&#8221; link=&#8221;https:\/\/www.rymax-lubricants.com\/&#8221;][vc_single_image image=&#8221;33&#8243; img_size=&#8221;full&#8221; alignment=&#8221;center&#8221; onclick=&#8221;custom_link&#8221; image_hovers=&#8221;false&#8221; link=&#8221;https:\/\/www.usco.it\/&#8221;][vc_single_image image=&#8221;32&#8243; img_size=&#8221;full&#8221; alignment=&#8221;center&#8221; onclick=&#8221;custom_link&#8221; image_hovers=&#8221;false&#8221; link=&#8221;http:\/\/www.alfagomma.com\/en\/&#8221;][vc_single_image image=&#8221;34&#8243; img_size=&#8221;full&#8221; alignment=&#8221;center&#8221; onclick=&#8221;custom_link&#8221; image_hovers=&#8221;false&#8221; link=&#8221;https:\/\/www.kmpbrand.com\/en\/&#8221;][vc_single_image image=&#8221;715&#8243; img_size=&#8221;full&#8221; alignment=&#8221;center&#8221; onclick=&#8221;custom_link&#8221; image_hovers=&#8221;false&#8221; link=&#8221;https:\/\/www.sennebogen.com\/en.html&#8221;]<\/div><\/div>\t\t\t<script type=\"text\/javascript\">\n\t\t\t\tjQuery(document).ready(function ($) {\n\t\t\t\t\tif( typeof jQuery('.ult-carousel-83105557569f87a0df35db').slick == \"function\"){\n\t\t\t\t\t\t$('.ult-carousel-83105557569f87a0df35db').slick({dots: false,autoplay: true,autoplaySpeed: \"2000\",speed: \"2000\",infinite: true,arrows: false,slidesToScroll:5,slidesToShow:5,swipe: true,draggable: true,touchMove: true,pauseOnHover: true,pauseOnFocus: false,responsive: [\n\t\t\t\t\t\t\t{\n\t\t\t\t\t\t\t  breakpoint: 1026,\n\t\t\t\t\t\t\t  settings: {\n\t\t\t\t\t\t\t\tslidesToShow: 5,\n\t\t\t\t\t\t\t\tslidesToScroll: 5,  \n\t\t\t\t\t\t\t  }\n\t\t\t\t\t\t\t},\n\t\t\t\t\t\t\t{\n\t\t\t\t\t\t\t  breakpoint: 1025,\n\t\t\t\t\t\t\t  settings: {\n\t\t\t\t\t\t\t\tslidesToShow: 1,\n\t\t\t\t\t\t\t\tslidesToScroll: 1\n\t\t\t\t\t\t\t  }\n\t\t\t\t\t\t\t},\n\t\t\t\t\t\t\t{\n\t\t\t\t\t\t\t  breakpoint: 760,\n\t\t\t\t\t\t\t  settings: {\n\t\t\t\t\t\t\t\tslidesToShow: 1,\n\t\t\t\t\t\t\t\tslidesToScroll: 1\n\t\t\t\t\t\t\t  }\n\t\t\t\t\t\t\t}\n\t\t\t\t\t\t],pauseOnDotsHover: true,customPaging: function(slider, i) {\n                   return '<i type=\"button\" style= \"color:#333333;\" class=\"ultsl-record\" data-role=\"none\"><\/i>';\n                },});\n\t\t\t\t\t}\n\t\t\t\t});\n\t\t\t<\/script>\n\t\t\t[\/vc_column_inner][\/vc_row_inner][\/vc_column][\/vc_row][vc_row bg_type=&#8221;image&#8221; parallax_style=&#8221;vcpb-default&#8221; bg_image_new=&#8221;id^37|url^https:\/\/hydropower.al\/wp-content\/uploads\/2019\/04\/kontakt-form.jpg|caption^null|alt^null|title^null|description^null&#8221; bg_image_repeat=&#8221;no-repeat&#8221; bg_img_attach=&#8221;fixed&#8221; bg_override=&#8221;ex-full&#8221; el_class=&#8221;rresht&#8221;][vc_column width=&#8221;2\/3&#8243;][vc_empty_space height=&#8221;52px&#8221;][vc_custom_heading text=&#8221;P\u00ebr cdo informacion na kontaktoni !&#8221; font_container=&#8221;tag:h2|text_align:left|color:%23f3f3f3&#8243; google_fonts=&#8221;font_family:Open%20Sans%3A300%2C300italic%2Cregular%2Citalic%2C600%2C600italic%2C700%2C700italic%2C800%2C800italic|font_style:400%20regular%3A400%3Anormal&#8221;][vc_empty_space height=&#8221;52px&#8221;][\/vc_column][vc_column width=&#8221;1\/3&#8243;][vc_empty_space height=&#8221;52px&#8221;][vc_btn title=&#8221;Kontakt&#8221; style=&#8221;outline-custom&#8221; outline_custom_color=&#8221;#ffffff&#8221; outline_custom_hover_background=&#8221;#e21e26&#8243; outline_custom_hover_text=&#8221;#ffffff&#8221; shape=&#8221;square&#8221; align=&#8221;left&#8221; link=&#8221;url:https%3A%2F%2Fhydropower.al%2Findex.php%2Fkontakt%2F|title:Galeria||&#8221;][vc_empty_space height=&#8221;52px&#8221;][\/vc_column][\/vc_row][vc_row][vc_column width=&#8221;1\/3&#8243;]<div class=\"aio-icon-component    style_1\"><div id=\"Info-box-wrap-6607\" class=\"aio-icon-box top-icon\" style=\"\"  ><div class=\"aio-icon-top\"><div class=\"ult-just-icon-wrapper  \"><div class=\"align-icon\" style=\"text-align:center;\">\n<div class=\"aio-icon circle \"  style=\"color:#ffffff;background:#e21e26;font-size:50px;display:inline-block;\">\n\t<i class=\"Defaults-star-o\"><\/i>\n<\/div><\/div><\/div><\/div><\/div> <!-- aio-icon-box --><\/div> <!-- aio-icon-component -->[vc_custom_heading text=&#8221;Cil\u00ebsi&#8221; font_container=&#8221;tag:h2|text_align:center|color:%23292929&#8243; google_fonts=&#8221;font_family:Open%20Sans%3A300%2C300italic%2Cregular%2Citalic%2C600%2C600italic%2C700%2C700italic%2C800%2C800italic|font_style:400%20regular%3A400%3Anormal&#8221; css=&#8221;.vc_custom_1554732723799{margin-top: -15px !important;}&#8221;][vc_custom_heading text=&#8221;Produkte cil\u00ebsore nga markat m\u00eb t\u00eb mira si Rymax, ITR, Alfagomma, KMP Brand etj.&#8221; font_container=&#8221;tag:h2|font_size:18|text_align:center|color:%23292929&#8243; google_fonts=&#8221;font_family:Open%20Sans%3A300%2C300italic%2Cregular%2Citalic%2C600%2C600italic%2C700%2C700italic%2C800%2C800italic|font_style:400%20regular%3A400%3Anormal&#8221; css=&#8221;.vc_custom_1652338535528{margin-top: -13px !important;}&#8221;][\/vc_column][vc_column width=&#8221;1\/3&#8243;]<div class=\"aio-icon-component    style_1\"><div id=\"Info-box-wrap-8864\" class=\"aio-icon-box top-icon\" style=\"\"  ><div class=\"aio-icon-top\"><div class=\"ult-just-icon-wrapper  \"><div class=\"align-icon\" style=\"text-align:center;\">\n<div class=\"aio-icon circle \"  style=\"color:#ffffff;background:#e21e26;font-size:50px;display:inline-block;\">\n\t<i class=\"fas fa-user-friends\"><\/i>\n<\/div><\/div><\/div><\/div><\/div> <!-- aio-icon-box --><\/div> <!-- aio-icon-component -->[vc_custom_heading text=&#8221;Eksperienc\u00eb&#8221; font_container=&#8221;tag:h2|text_align:center|color:%23292929&#8243; google_fonts=&#8221;font_family:Open%20Sans%3A300%2C300italic%2Cregular%2Citalic%2C600%2C600italic%2C700%2C700italic%2C800%2C800italic|font_style:400%20regular%3A400%3Anormal&#8221; css=&#8221;.vc_custom_1554732769152{margin-top: -15px !important;}&#8221;][vc_custom_heading text=&#8221;Hydropower Albania ka 18 vite q\u00eb ushtron aktivitetin e saj n\u00eb tregun shqiptar.&#8221; font_container=&#8221;tag:h2|font_size:18|text_align:center|color:%23292929&#8243; google_fonts=&#8221;font_family:Open%20Sans%3A300%2C300italic%2Cregular%2Citalic%2C600%2C600italic%2C700%2C700italic%2C800%2C800italic|font_style:400%20regular%3A400%3Anormal&#8221; css=&#8221;.vc_custom_1699446605462{margin-top: -13px !important;}&#8221;][\/vc_column][vc_column width=&#8221;1\/3&#8243;]<div class=\"aio-icon-component    style_1\"><div id=\"Info-box-wrap-4286\" class=\"aio-icon-box top-icon\" style=\"\"  ><div class=\"aio-icon-top\"><div class=\"ult-just-icon-wrapper  \"><div class=\"align-icon\" style=\"text-align:center;\">\n<div class=\"aio-icon circle \"  style=\"color:#ffffff;background:#e21e26;font-size:50px;display:inline-block;\">\n\t<i class=\"Defaults-bookmark\"><\/i>\n<\/div><\/div><\/div><\/div><\/div> <!-- aio-icon-box --><\/div> <!-- aio-icon-component -->[vc_custom_heading text=&#8221;Garanci&#8221; font_container=&#8221;tag:h2|text_align:center|color:%23292929&#8243; google_fonts=&#8221;font_family:Open%20Sans%3A300%2C300italic%2Cregular%2Citalic%2C600%2C600italic%2C700%2C700italic%2C800%2C800italic|font_style:400%20regular%3A400%3Anormal&#8221; css=&#8221;.vc_custom_1554732802246{margin-top: -15px !important;}&#8221;][vc_custom_heading text=&#8221;Garanci maksimale p\u00ebr cdo sh\u00ebrbim ose produkt t\u00eb ofruar nga kompania jon\u00eb.&#8221; font_container=&#8221;tag:h2|font_size:18|text_align:center|color:%23292929&#8243; google_fonts=&#8221;font_family:Open%20Sans%3A300%2C300italic%2Cregular%2Citalic%2C600%2C600italic%2C700%2C700italic%2C800%2C800italic|font_style:400%20regular%3A400%3Anormal&#8221; css=&#8221;.vc_custom_1656402485727{margin-top: -13px !important;}&#8221;][\/vc_column][\/vc_row]<\/p>\n<\/div>","protected":false},"excerpt":{"rendered":"<p>[vc_row bg_type=&#8221;image&#8221; parallax_style=&#8221;vcpb-default&#8221; bg_image_new=&#8221;id^11|url^https:\/\/hydropower.al\/wp-content\/uploads\/2019\/04\/banner.png|caption^null|alt^null|title^null|description^null&#8221; bg_image_repeat=&#8221;no-repeat&#8221; bg_override=&#8221;ex-full&#8221; css=&#8221;.vc_custom_1554728546187{margin-top: -70px !important;}&#8221;][vc_column width=&#8221;1\/3&#8243; offset=&#8221;vc_hidden-sm vc_hidden-xs&#8221;][vc_empty_space][vc_custom_heading text=&#8221;PJES\u00cb K\u00cbMBIMI&#8221; font_container=&#8221;tag:h3|text_align:left|color:%23ffffff&#8221; google_fonts=&#8221;font_family:Open%20Sans%3A300%2C300italic%2Cregular%2Citalic%2C600%2C600italic%2C700%2C700italic%2C800%2C800italic|font_style:600%20bold%20regular%3A600%3Anormal&#8221;][vc_custom_heading text=&#8221;P\u00cbR EKSKAVATOR\u00cb&#8221; font_container=&#8221;tag:h3|text_align:left|color:%23e21e26&#8243; google_fonts=&#8221;font_family:Open%20Sans%3A300%2C300italic%2Cregular%2Citalic%2C600%2C600italic%2C700%2C700italic%2C800%2C800italic|font_style:600%20bold%20regular%3A600%3Anormal&#8221;][vc_empty_space][vc_empty_space height=&#8221;50px&#8221;][\/vc_column][vc_column width=&#8221;1\/3&#8243; offset=&#8221;vc_hidden-sm vc_hidden-xs&#8221;][vc_empty_space][vc_custom_heading text=&#8221;Hydropower Albania sjell p\u00ebr ju pjes\u00eb k\u00ebmbimi si: pjes\u00eb n\u00ebnkarrocerie, motorri, pompa, filtra, tuba, lubrifikant\u00eb, zinxhir\u00eb.&#8221; font_container=&#8221;tag:h6|text_align:left|color:%23ffffff&#8221; google_fonts=&#8221;font_family:Open%20Sans%3A300%2C300italic%2Cregular%2Citalic%2C600%2C600italic%2C700%2C700italic%2C800%2C800italic|font_style:700%20bold%20regular%3A700%3Anormal&#8221; css=&#8221;.vc_custom_1655713928807{margin-left: -140px !important;padding-right: 100px !important;}&#8221;][\/vc_column][vc_column width=&#8221;1\/3&#8243; offset=&#8221;vc_hidden-sm vc_hidden-xs&#8221;][\/vc_column][\/vc_row][vc_row bg_type=&#8221;bg_color&#8221; bg_override=&#8221;ex-full&#8221; bg_color_value=&#8221;#1c1c1c&#8221;][vc_column offset=&#8221;vc_hidden-lg vc_hidden-md&#8221;][vc_empty_space][vc_custom_heading&hellip;<\/p>\n","protected":false},"author":4,"featured_media":0,"parent":0,"menu_order":0,"comment_status":"closed","ping_status":"closed","template":"","meta":{"footnotes":""},"class_list":["post-9","page","type-page","status-publish","hentry","description-off"],"_links":{"self":[{"href":"https:\/\/hydropower.al\/index.php\/wp-json\/wp\/v2\/pages\/9","targetHints":{"allow":["GET"]}}],"collection":[{"href":"https:\/\/hydropower.al\/index.php\/wp-json\/wp\/v2\/pages"}],"about":[{"href":"https:\/\/hydropower.al\/index.php\/wp-json\/wp\/v2\/types\/page"}],"author":[{"embeddable":true,"href":"https:\/\/hydropower.al\/index.php\/wp-json\/wp\/v2\/users\/4"}],"replies":[{"embeddable":true,"href":"https:\/\/hydropower.al\/index.php\/wp-json\/wp\/v2\/comments?post=9"}],"version-history":[{"count":44,"href":"https:\/\/hydropower.al\/index.php\/wp-json\/wp\/v2\/pages\/9\/revisions"}],"predecessor-version":[{"id":2462,"href":"https:\/\/hydropower.al\/index.php\/wp-json\/wp\/v2\/pages\/9\/revisions\/2462"}],"wp:attachment":[{"href":"https:\/\/hydropower.al\/index.php\/wp-json\/wp\/v2\/media?parent=9"}],"curies":[{"name":"wp","href":"https:\/\/api.w.org\/{rel}","templated":true}]}}