{"id":85,"date":"2019-04-08T15:13:04","date_gmt":"2019-04-08T15:13:04","guid":{"rendered":"https:\/\/hydropower.al\/?page_id=85"},"modified":"2022-11-24T14:25:00","modified_gmt":"2022-11-24T13:25:00","slug":"pse-hydropower","status":"publish","type":"page","link":"https:\/\/hydropower.al\/index.php\/pse-hydropower\/","title":{"rendered":"Pse Hydropower"},"content":{"rendered":"<div class=\"wpb-content-wrapper\"><p>[vc_row][vc_column width=&#8221;2\/3&#8243;][vc_empty_space height=&#8221;20px&#8221;][vc_row_inner][vc_column_inner width=&#8221;1\/3&#8243;][vc_custom_heading text=&#8221;Bashk\u00ebpunimi&#8221; font_container=&#8221;tag:h4|text_align:left&#8221; google_fonts=&#8221;font_family:Open%20Sans%3A300%2C300italic%2Cregular%2Citalic%2C600%2C600italic%2C700%2C700italic%2C800%2C800italic|font_style:600%20bold%20regular%3A600%3Anormal&#8221; css=&#8221;.vc_custom_1554736089632{margin-top: -15px !important;}&#8221;][\/vc_column_inner][vc_column_inner width=&#8221;2\/3&#8243;][vc_separator color=&#8221;black&#8221; align=&#8221;align_left&#8221; css=&#8221;.vc_custom_1554736109112{margin-left: -60px !important;}&#8221;][\/vc_column_inner][\/vc_row_inner][vc_column_text]<\/p>\n<p style=\"text-align: justify;\"><strong><span style=\"color: #333333;\">Nd\u00ebrtimi i nj\u00eb marke t\u00eb fort\u00eb globale vjen si pasoj\u00eb e bashk\u00ebpunimit. Suksesi yn\u00eb vjen nga rrjeti yn\u00eb mbar\u00ebbot\u00ebror i furnitor\u00ebve, agjent\u00ebve, shp\u00ebrndar\u00ebsve dhe klient\u00ebve.<\/span><\/strong><\/p>\n<p style=\"text-align: justify;\"><strong><span style=\"color: #333333;\">Fokusi tek partner\u00ebt siguron q\u00eb ne t\u00eb jemi fleksib\u00ebl dhe t\u00eb arritsh\u00ebm p\u00ebr t\u00eb ofruar gjithmon\u00eb trajnim dhe mb\u00ebshtetje.<\/span><\/strong><\/p>\n<p>[\/vc_column_text][vc_empty_space height=&#8221;20px&#8221;][vc_row_inner][vc_column_inner width=&#8221;1\/3&#8243;][vc_custom_heading text=&#8221;Besimi&#8221; font_container=&#8221;tag:h4|text_align:left&#8221; google_fonts=&#8221;font_family:Open%20Sans%3A300%2C300italic%2Cregular%2Citalic%2C600%2C600italic%2C700%2C700italic%2C800%2C800italic|font_style:600%20bold%20regular%3A600%3Anormal&#8221; css=&#8221;.vc_custom_1554736198410{margin-top: -15px !important;}&#8221;][\/vc_column_inner][vc_column_inner width=&#8221;2\/3&#8243;][vc_separator color=&#8221;black&#8221; align=&#8221;align_left&#8221; css=&#8221;.vc_custom_1554736109112{margin-left: -60px !important;}&#8221;][\/vc_column_inner][\/vc_row_inner][vc_column_text]<\/p>\n<p style=\"text-align: justify;\"><strong><span style=\"color: #333333;\">Besimi \u00ebsht\u00eb nj\u00eb nga vlerat ky\u00e7e t\u00eb kompanis\u00eb ton\u00eb. N\u00eb m\u00ebnyr\u00eb q\u00eb t\u00eb nd\u00ebrtojm\u00eb marr\u00ebdh\u00ebnie t\u00eb sh\u00ebndetshme dhe t\u00eb jemi t\u00eb suksessh\u00ebm n\u00eb biznes, ne e konsiderojm\u00eb besimin si nj\u00eb p\u00ebrb\u00ebr\u00ebs kryesor.<br \/>\n<\/span><\/strong>[\/vc_column_text][vc_empty_space height=&#8221;20px&#8221;][vc_row_inner][vc_column_inner width=&#8221;1\/3&#8243;][vc_custom_heading text=&#8221;Cil\u00ebsia&#8221; font_container=&#8221;tag:h4|text_align:left&#8221; google_fonts=&#8221;font_family:Open%20Sans%3A300%2C300italic%2Cregular%2Citalic%2C600%2C600italic%2C700%2C700italic%2C800%2C800italic|font_style:600%20bold%20regular%3A600%3Anormal&#8221; css=&#8221;.vc_custom_1554736278581{margin-top: -15px !important;}&#8221;][\/vc_column_inner][vc_column_inner width=&#8221;2\/3&#8243;][vc_separator color=&#8221;black&#8221; align=&#8221;align_left&#8221; css=&#8221;.vc_custom_1554736109112{margin-left: -60px !important;}&#8221;][\/vc_column_inner][\/vc_row_inner][vc_column_text]<\/p>\n<p style=\"text-align: justify;\"><strong><span style=\"color: #333333;\">Hydropower Sh.p.k \u00ebsht\u00eb nj\u00eb nga kompanit\u00eb lider n\u00eb sektorin e saj. Si nj\u00eb kompani e nivelit t\u00eb lart\u00eb, Hydropower ka arritur Certifikimet ISO 9001:2008, ISO 14001:2004 dhe ISO 18001:2007.<br \/>\n<\/span><\/strong><\/p>\n<p>[\/vc_column_text][vc_empty_space height=&#8221;20px&#8221;][vc_row_inner][vc_column_inner width=&#8221;1\/3&#8243;][vc_custom_heading text=&#8221;Misioni&#8221; font_container=&#8221;tag:h4|text_align:left&#8221; google_fonts=&#8221;font_family:Open%20Sans%3A300%2C300italic%2Cregular%2Citalic%2C600%2C600italic%2C700%2C700italic%2C800%2C800italic|font_style:600%20bold%20regular%3A600%3Anormal&#8221; css=&#8221;.vc_custom_1554736340143{margin-top: -15px !important;}&#8221;][\/vc_column_inner][vc_column_inner width=&#8221;2\/3&#8243;][vc_separator color=&#8221;black&#8221; align=&#8221;align_left&#8221; css=&#8221;.vc_custom_1554736109112{margin-left: -60px !important;}&#8221;][\/vc_column_inner][\/vc_row_inner][vc_column_text]<\/p>\n<p style=\"text-align: justify;\"><strong><span style=\"color: #333333;\">N\u00eb qend\u00ebr t\u00eb v\u00ebmendjes son\u00eb \u00ebsht\u00eb k\u00ebnaq\u00ebsia e klient\u00ebve. Ne p\u00ebrpiqemi cdo dit\u00eb e m\u00eb shum\u00eb t\u00eb b\u00ebjm\u00eb m\u00eb t\u00eb mir\u00ebn ton\u00eb, duke k\u00ebrkuar p\u00ebrmir\u00ebsim t\u00eb vazhduesh\u00ebm t\u00eb cil\u00ebsis\u00eb dhe sh\u00ebrbimit, n\u00eb m\u00ebnyr\u00eb q\u00eb t\u00eb jemi sa m\u00eb pran\u00eb nevojave t\u00eb klientit.<\/span><\/strong><\/p>\n<p>[\/vc_column_text][\/vc_column][vc_column width=&#8221;1\/3&#8243;][vc_single_image image=&#8221;89&#8243; img_size=&#8221;full&#8221; image_hovers=&#8221;false&#8221;][vc_single_image image=&#8221;93&#8243; img_size=&#8221;full&#8221; image_hovers=&#8221;false&#8221;][vc_single_image image=&#8221;94&#8243; img_size=&#8221;full&#8221; image_hovers=&#8221;false&#8221;][\/vc_column][\/vc_row]<\/p>\n<\/div>","protected":false},"excerpt":{"rendered":"<p>[vc_row][vc_column width=&#8221;2\/3&#8243;][vc_empty_space height=&#8221;20px&#8221;][vc_row_inner][vc_column_inner width=&#8221;1\/3&#8243;][vc_custom_heading text=&#8221;Bashk\u00ebpunimi&#8221; font_container=&#8221;tag:h4|text_align:left&#8221; google_fonts=&#8221;font_family:Open%20Sans%3A300%2C300italic%2Cregular%2Citalic%2C600%2C600italic%2C700%2C700italic%2C800%2C800italic|font_style:600%20bold%20regular%3A600%3Anormal&#8221; css=&#8221;.vc_custom_1554736089632{margin-top: -15px !important;}&#8221;][\/vc_column_inner][vc_column_inner width=&#8221;2\/3&#8243;][vc_separator color=&#8221;black&#8221; align=&#8221;align_left&#8221; css=&#8221;.vc_custom_1554736109112{margin-left: -60px !important;}&#8221;][\/vc_column_inner][\/vc_row_inner][vc_column_text] Nd\u00ebrtimi i nj\u00eb marke t\u00eb fort\u00eb globale vjen si pasoj\u00eb e bashk\u00ebpunimit. Suksesi yn\u00eb vjen nga rrjeti yn\u00eb mbar\u00ebbot\u00ebror i furnitor\u00ebve, agjent\u00ebve, shp\u00ebrndar\u00ebsve dhe klient\u00ebve. Fokusi tek partner\u00ebt siguron q\u00eb ne t\u00eb jemi fleksib\u00ebl dhe t\u00eb arritsh\u00ebm p\u00ebr t\u00eb&hellip;<\/p>\n","protected":false},"author":4,"featured_media":0,"parent":0,"menu_order":0,"comment_status":"closed","ping_status":"closed","template":"","meta":{"footnotes":""},"class_list":["post-85","page","type-page","status-publish","hentry","description-off"],"_links":{"self":[{"href":"https:\/\/hydropower.al\/index.php\/wp-json\/wp\/v2\/pages\/85","targetHints":{"allow":["GET"]}}],"collection":[{"href":"https:\/\/hydropower.al\/index.php\/wp-json\/wp\/v2\/pages"}],"about":[{"href":"https:\/\/hydropower.al\/index.php\/wp-json\/wp\/v2\/types\/page"}],"author":[{"embeddable":true,"href":"https:\/\/hydropower.al\/index.php\/wp-json\/wp\/v2\/users\/4"}],"replies":[{"embeddable":true,"href":"https:\/\/hydropower.al\/index.php\/wp-json\/wp\/v2\/comments?post=85"}],"version-history":[{"count":14,"href":"https:\/\/hydropower.al\/index.php\/wp-json\/wp\/v2\/pages\/85\/revisions"}],"predecessor-version":[{"id":2445,"href":"https:\/\/hydropower.al\/index.php\/wp-json\/wp\/v2\/pages\/85\/revisions\/2445"}],"wp:attachment":[{"href":"https:\/\/hydropower.al\/index.php\/wp-json\/wp\/v2\/media?parent=85"}],"curies":[{"name":"wp","href":"https:\/\/api.w.org\/{rel}","templated":true}]}}