{"id":66,"date":"2019-04-08T15:05:12","date_gmt":"2019-04-08T15:05:12","guid":{"rendered":"https:\/\/hydropower.al\/?page_id=66"},"modified":"2022-11-24T15:31:09","modified_gmt":"2022-11-24T14:31:09","slug":"historiku","status":"publish","type":"page","link":"https:\/\/hydropower.al\/index.php\/historiku\/","title":{"rendered":"Historiku"},"content":{"rendered":"<div class=\"wpb-content-wrapper\"><p>[vc_row][vc_column width=&#8221;2\/3&#8243;][vc_row_inner][vc_column_inner width=&#8221;1\/3&#8243;][vc_custom_heading text=&#8221;Rreth Hydropower&#8221; font_container=&#8221;tag:h4|text_align:left&#8221; google_fonts=&#8221;font_family:Open%20Sans%3A300%2C300italic%2Cregular%2Citalic%2C600%2C600italic%2C700%2C700italic%2C800%2C800italic|font_style:600%20bold%20regular%3A600%3Anormal&#8221; css=&#8221;.vc_custom_1648732305677{margin-top: -15px !important;}&#8221;][\/vc_column_inner][vc_column_inner width=&#8221;2\/3&#8243;][vc_separator color=&#8221;black&#8221; align=&#8221;align_left&#8221;][\/vc_column_inner][\/vc_row_inner][vc_empty_space height=&#8221;22px&#8221;][vc_column_text]<\/p>\n<p style=\"text-align: justify;\"><span style=\"color: #333333;\">Hydropower ju sh\u00ebrben me <strong>pjes\u00eb k\u00ebmbimi<\/strong> si: pjes\u00eb n\u00ebnkarrocerie, motori, pompa, filtra, tuba, lubrifikan\u00eb, zinxhir\u00eb gome dhe hekuri, si dhe <strong>t\u00eb gjitha pjes\u00ebt p\u00ebr industri.<\/strong><\/span><\/p>\n<p style=\"text-align: justify;\"><span style=\"color: #333333;\"><strong>Bashk\u00ebpunimi i ngusht\u00eb<\/strong> me kompanit\u00eb m\u00eb prestigjoze nd\u00ebrkomb\u00ebtare ka qen\u00eb \u00e7el\u00ebsi i suksesit ton\u00eb duke na siguruar cil\u00ebsi t\u00eb lart\u00eb, \u00e7mime konkuruese dhe <strong>sh\u00ebrbim<\/strong> t\u00eb kualifikuar.<\/span><\/p>\n<p style=\"text-align: justify;\"><span style=\"color: #333333;\">Aktualisht jemi distributor i autorizuar p\u00ebr <strong>Shqip\u00ebri dhe Kosov\u00eb i ITR, KMP, RYMAX, ALFAGOMMA\u00a0 dhe SENNEBOGEN.<\/strong><\/span><\/p>\n<p style=\"text-align: justify;\"><span style=\"color: #333333;\">Duke par\u00eb k\u00ebrkesat e vazhdueshme t\u00eb klient\u00ebve tan\u00eb dhe bazuar n\u00eb munges\u00ebn n\u00eb treg t\u00eb nj\u00eb sh\u00ebrbimi t\u00eb till\u00eb, n\u00eb vitin 2016, Hydropower sh.p.k shkoi nj\u00eb hap m\u00eb tej duke hapur <strong>servisin<\/strong> p\u00ebr riparimin dhe testimin e pompave hidraulike.<\/span><\/p>\n<p style=\"text-align: justify;\"><span style=\"color: #333333;\">Kompania vazhdon t\u00eb rris\u00eb cil\u00ebsin\u00eb e pajisjeve, makinerive, personelit t\u00eb kualifikuar n\u00eb m\u00ebnyr\u00eb q\u00eb t\u00eb p\u00ebrmbush\u00eb ambicien e saj p\u00ebr t\u00eb qen\u00eb nj\u00eb nga kompanit\u00eb<strong> lider<\/strong> n\u00eb k\u00ebt\u00eb sektor.<\/span><\/p>\n<p>[\/vc_column_text][vc_row_inner][vc_column_inner width=&#8221;1\/3&#8243;][vc_custom_heading text=&#8221;Fillimet tona&#8221; font_container=&#8221;tag:h4|text_align:left&#8221; google_fonts=&#8221;font_family:Open%20Sans%3A300%2C300italic%2Cregular%2Citalic%2C600%2C600italic%2C700%2C700italic%2C800%2C800italic|font_style:600%20bold%20regular%3A600%3Anormal&#8221; css=&#8221;.vc_custom_1554735651597{margin-top: -15px !important;}&#8221;][\/vc_column_inner][vc_column_inner width=&#8221;2\/3&#8243;][vc_separator color=&#8221;black&#8221; align=&#8221;align_left&#8221;][\/vc_column_inner][\/vc_row_inner][vc_empty_space height=&#8221;22px&#8221;][vc_column_text]<\/p>\n<p style=\"text-align: justify;\"><span style=\"color: #333333;\">Kompania<strong> Hydropower Sh.p.k.<\/strong> e themeluar n\u00eb vitin 2005 me seli n\u00eb Tiran\u00eb, ushtron aktivitetin e saj n\u00eb fush\u00ebn e pjes\u00ebve t\u00eb k\u00ebmbimit p\u00ebr makineri t\u00eb r\u00ebnda dhe industri.<\/span><\/p>\n<p style=\"text-align: justify;\"><span style=\"color: #333333;\">P\u00ebr shkak t\u00eb rritjes s\u00eb k\u00ebrkesave t\u00eb tregut dhe t\u00eb nevojave t\u00eb kompanis\u00eb n\u00eb vitin 2014 u pa e arsyeshme t\u00eb b\u00ebhej transferimi n\u00eb <strong>ambjentet e reja t\u00eb zyrave<\/strong> dhe magazin\u00ebs me sip\u00ebrfaqe totale 2500 m2.<\/span><\/p>\n<p style=\"text-align: justify;\"><span style=\"color: #333333;\">P\u00ebr t\u2019u gjendur m\u00eb pran\u00eb klient\u00ebve tan\u00eb n\u00eb Jug t\u00eb Shqip\u00ebris\u00eb, n\u00eb vitin 2017 u hap filiali i ri i Hydropower n\u00eb <strong>Fier .<\/strong><\/span><\/p>\n<p style=\"text-align: justify;\"><span style=\"color: #333333;\">P\u00ebr t\u00eb demonstruar angazhimin p\u00ebr t\u00eb qen\u00eb nj\u00eb Kompani e nj\u00eb niveli t\u00eb lart\u00eb, Hydropower ka arritur <strong>Certifikimin ISO 9001:2008<\/strong>\u00a0n\u00eb 05 Qershor 2017. Certifikimin <strong>ISO 14001:2004<\/strong> n\u00eb 04 Prill 2017. Certifikimin <strong>ISO 18001:2007<\/strong> n\u00eb 04 Prill 2017.<\/span><\/p>\n<p>[\/vc_column_text][vc_row_inner][vc_column_inner width=&#8221;1\/3&#8243;][vc_custom_heading text=&#8221;Premtimet tona&#8221; font_container=&#8221;tag:h4|text_align:left&#8221; google_fonts=&#8221;font_family:Open%20Sans%3A300%2C300italic%2Cregular%2Citalic%2C600%2C600italic%2C700%2C700italic%2C800%2C800italic|font_style:600%20bold%20regular%3A600%3Anormal&#8221; css=&#8221;.vc_custom_1554735732150{margin-top: -15px !important;}&#8221;][\/vc_column_inner][vc_column_inner width=&#8221;2\/3&#8243;][vc_separator color=&#8221;black&#8221; align=&#8221;align_left&#8221;][\/vc_column_inner][\/vc_row_inner][vc_column_text]<\/p>\n<p style=\"text-align: justify;\"><span style=\"color: #333333;\">Kompania Hydropower \u00ebsht\u00eb e p\u00ebrkushtuar ndaj <strong>cil\u00ebsis\u00eb<\/strong> duke p\u00ebrmbushur pritshm\u00ebrit\u00eb e klient\u00ebve. Q\u00ebllimi yn\u00eb kryesor \u00ebsht\u00eb t\u2019i sh\u00ebrbejm\u00eb <strong>klientit<\/strong>. Ne besojm\u00eb se <strong>p\u00ebrkushtimi<\/strong> ndaj cil\u00ebsis\u00eb n\u00eb gjithcka q\u00eb ne b\u00ebjm\u00eb \u00ebsht\u00eb themeli i fort\u00eb mbi t\u00eb cilin \u00ebsht\u00eb nd\u00ebrtuar biznesi yn\u00eb.<\/span><\/p>\n<p>[\/vc_column_text][\/vc_column][vc_column width=&#8221;1\/3&#8243;][vc_single_image image=&#8221;826&#8243; img_size=&#8221;full&#8221; alignment=&#8221;center&#8221; image_hovers=&#8221;false&#8221;][vc_single_image image=&#8221;208&#8243; img_size=&#8221;full&#8221; alignment=&#8221;center&#8221; image_hovers=&#8221;false&#8221;][vc_single_image image=&#8221;1794&#8243; img_size=&#8221;full&#8221; alignment=&#8221;center&#8221; image_hovers=&#8221;false&#8221;][\/vc_column][\/vc_row]<\/p>\n<\/div>","protected":false},"excerpt":{"rendered":"<p>[vc_row][vc_column width=&#8221;2\/3&#8243;][vc_row_inner][vc_column_inner width=&#8221;1\/3&#8243;][vc_custom_heading text=&#8221;Rreth Hydropower&#8221; font_container=&#8221;tag:h4|text_align:left&#8221; google_fonts=&#8221;font_family:Open%20Sans%3A300%2C300italic%2Cregular%2Citalic%2C600%2C600italic%2C700%2C700italic%2C800%2C800italic|font_style:600%20bold%20regular%3A600%3Anormal&#8221; css=&#8221;.vc_custom_1648732305677{margin-top: -15px !important;}&#8221;][\/vc_column_inner][vc_column_inner width=&#8221;2\/3&#8243;][vc_separator color=&#8221;black&#8221; align=&#8221;align_left&#8221;][\/vc_column_inner][\/vc_row_inner][vc_empty_space height=&#8221;22px&#8221;][vc_column_text] Hydropower ju sh\u00ebrben me pjes\u00eb k\u00ebmbimi si: pjes\u00eb n\u00ebnkarrocerie, motori, pompa, filtra, tuba, lubrifikan\u00eb, zinxhir\u00eb gome dhe hekuri, si dhe t\u00eb gjitha pjes\u00ebt p\u00ebr industri. Bashk\u00ebpunimi i ngusht\u00eb me kompanit\u00eb m\u00eb prestigjoze nd\u00ebrkomb\u00ebtare ka qen\u00eb \u00e7el\u00ebsi i suksesit ton\u00eb duke na&hellip;<\/p>\n","protected":false},"author":4,"featured_media":0,"parent":0,"menu_order":0,"comment_status":"closed","ping_status":"closed","template":"","meta":{"footnotes":""},"class_list":["post-66","page","type-page","status-publish","hentry","description-off"],"_links":{"self":[{"href":"https:\/\/hydropower.al\/index.php\/wp-json\/wp\/v2\/pages\/66","targetHints":{"allow":["GET"]}}],"collection":[{"href":"https:\/\/hydropower.al\/index.php\/wp-json\/wp\/v2\/pages"}],"about":[{"href":"https:\/\/hydropower.al\/index.php\/wp-json\/wp\/v2\/types\/page"}],"author":[{"embeddable":true,"href":"https:\/\/hydropower.al\/index.php\/wp-json\/wp\/v2\/users\/4"}],"replies":[{"embeddable":true,"href":"https:\/\/hydropower.al\/index.php\/wp-json\/wp\/v2\/comments?post=66"}],"version-history":[{"count":28,"href":"https:\/\/hydropower.al\/index.php\/wp-json\/wp\/v2\/pages\/66\/revisions"}],"predecessor-version":[{"id":2447,"href":"https:\/\/hydropower.al\/index.php\/wp-json\/wp\/v2\/pages\/66\/revisions\/2447"}],"wp:attachment":[{"href":"https:\/\/hydropower.al\/index.php\/wp-json\/wp\/v2\/media?parent=66"}],"curies":[{"name":"wp","href":"https:\/\/api.w.org\/{rel}","templated":true}]}}