{"id":40,"date":"2019-04-08T14:52:53","date_gmt":"2019-04-08T14:52:53","guid":{"rendered":"https:\/\/hydropower.al\/?page_id=40"},"modified":"2023-10-20T11:56:37","modified_gmt":"2023-10-20T10:56:37","slug":"rreth-nesh","status":"publish","type":"page","link":"https:\/\/hydropower.al\/index.php\/rreth-nesh\/","title":{"rendered":"Rreth Nesh"},"content":{"rendered":"<div class=\"wpb-content-wrapper\"><p>[vc_row][vc_column][vc_custom_heading text=&#8221;Hydropower Albania&#8221; google_fonts=&#8221;font_family:Open%20Sans%3A300%2C300italic%2Cregular%2Citalic%2C600%2C600italic%2C700%2C700italic%2C800%2C800italic|font_style:600%20bold%20regular%3A600%3Anormal&#8221;][vc_separator color=&#8221;custom&#8221; align=&#8221;align_left&#8221; border_width=&#8221;5&#8243; el_width=&#8221;10&#8243; accent_color=&#8221;#e21e26&#8243;][vc_column_text]<\/p>\n<p style=\"text-align: left;\"><span style=\"color: #333333;\"><strong>Hydropower Albania<\/strong> sjell tek ju pjes\u00eb k\u00ebmbimi si pjes\u00eb n\u00ebnkarrocerie, motorri, pompa, filtra, tuba, lubrifikan\u00eb, zinxhir\u00eb.<\/span><br \/>\n<span style=\"color: #333333;\">Kompani e themeluar 18 vite me par\u00eb me seli n\u00eb Tiran\u00eb e cila ushtron aktivitetin e saj n\u00eb fush\u00ebn e makinerive t\u00eb r\u00ebnda dhe m\u00eb specifikisht n\u00eb at\u00eb t\u00eb <strong>ekskavator\u00ebve<\/strong>. Prej 18 vitesh ne sjellim n\u00eb tregun shqiptar pjes\u00eb k\u00ebmbimi:<strong> si pjes\u00ebt p\u00ebr motorr, pompa, filtra, tuba, lubrifikant\u00eb, zinxhir\u00eb gome, pjes\u00eb p\u00ebr n\u00ebnkarrocerin\u00eb.<\/strong><\/span><\/p>\n<p>[\/vc_column_text][\/vc_column][\/vc_row][vc_row][vc_column][vc_column_text]<\/p>\n<p style=\"text-align: left;\"><span style=\"color: #333333;\">Mund t\u00eb na gjeni n\u00eb Tiran\u00eb n\u00eb autostrad\u00ebn <strong>Tiran\u00eb-Durr\u00ebs Km3.Rruga &#8220;Themistokli G\u00ebrmenji&#8221; pas ish-universitetit Kristal.<\/strong><br \/>\nMund t\u00eb na kontaktoni n\u00ebpermjet numrave t\u00eb telefonit si m\u00eb posht\u00eb ose n\u00eb adresen ton\u00eb t\u00eb email <strong>import@hydropower.com.al.<\/strong><\/span><\/p>\n<p>[\/vc_column_text][\/vc_column][\/vc_row][vc_row][vc_column width=&#8221;1\/4&#8243; css=&#8221;.vc_custom_1554734877508{background-color: #ffffff !important;}&#8221;][vc_custom_heading text=&#8221;18&#8243; font_container=&#8221;tag:h2|font_size:30|text_align:center|color:%23e21e26&#8243; google_fonts=&#8221;font_family:Open%20Sans%3A300%2C300italic%2Cregular%2Citalic%2C600%2C600italic%2C700%2C700italic%2C800%2C800italic|font_style:600%20bold%20regular%3A600%3Anormal&#8221;][vc_custom_heading text=&#8221;Vite Eksperienc\u00eb&#8221; font_container=&#8221;tag:h2|font_size:30|text_align:center|color:%23e21e26&#8243; google_fonts=&#8221;font_family:Open%20Sans%3A300%2C300italic%2Cregular%2Citalic%2C600%2C600italic%2C700%2C700italic%2C800%2C800italic|font_style:700%20bold%20regular%3A700%3Anormal&#8221;][\/vc_column][vc_column width=&#8221;1\/4&#8243; css=&#8221;.vc_custom_1554734882829{background-color: #ffffff !important;}&#8221;][vc_custom_heading text=&#8221;5,000&#8243; font_container=&#8221;tag:h2|font_size:30|text_align:center|color:%23e21e26&#8243; google_fonts=&#8221;font_family:Open%20Sans%3A300%2C300italic%2Cregular%2Citalic%2C600%2C600italic%2C700%2C700italic%2C800%2C800italic|font_style:600%20bold%20regular%3A600%3Anormal&#8221;][vc_custom_heading text=&#8221;Klient\u00eb&#8221; font_container=&#8221;tag:h2|font_size:30|text_align:center|color:%23e21e26&#8243; google_fonts=&#8221;font_family:Open%20Sans%3A300%2C300italic%2Cregular%2Citalic%2C600%2C600italic%2C700%2C700italic%2C800%2C800italic|font_style:700%20bold%20regular%3A700%3Anormal&#8221;][\/vc_column][vc_column width=&#8221;1\/4&#8243; css=&#8221;.vc_custom_1554734886684{background-color: #ffffff !important;}&#8221;][vc_custom_heading text=&#8221;40,000&#8243; font_container=&#8221;tag:h2|font_size:30|text_align:center|color:%23e21e26&#8243; google_fonts=&#8221;font_family:Open%20Sans%3A300%2C300italic%2Cregular%2Citalic%2C600%2C600italic%2C700%2C700italic%2C800%2C800italic|font_style:600%20bold%20regular%3A600%3Anormal&#8221;][vc_custom_heading text=&#8221;Artikuj&#8221; font_container=&#8221;tag:h2|font_size:30|text_align:center|color:%23e21e26&#8243; google_fonts=&#8221;font_family:Open%20Sans%3A300%2C300italic%2Cregular%2Citalic%2C600%2C600italic%2C700%2C700italic%2C800%2C800italic|font_style:700%20bold%20regular%3A700%3Anormal&#8221;][\/vc_column][vc_column width=&#8221;1\/4&#8243;][\/vc_column][\/vc_row][vc_row][vc_column][vc_empty_space][\/vc_column][\/vc_row][vc_row][vc_column][vc_custom_heading text=&#8221;Produktet Tona&#8221; google_fonts=&#8221;font_family:Open%20Sans%3A300%2C300italic%2Cregular%2Citalic%2C600%2C600italic%2C700%2C700italic%2C800%2C800italic|font_style:600%20bold%20regular%3A600%3Anormal&#8221;][vc_separator color=&#8221;custom&#8221; align=&#8221;align_left&#8221; border_width=&#8221;5&#8243; el_width=&#8221;10&#8243; accent_color=&#8221;#e21e26&#8243;][vc_empty_space][vc_row_inner][vc_column_inner width=&#8221;1\/4&#8243;]<div class=\"standard-arrow bullet-top\"><ul>\n<li>\n<h4>Pjes\u00eb N\u00ebnkarrocerie<\/h4>\n<\/li>\n<li>\n<h4>Pjes\u00eb Motorri<\/h4>\n<\/li>\n<li>\n<h4>Pompa<\/h4>\n<\/li>\n<\/ul>\n<\/div>[\/vc_column_inner][vc_column_inner width=&#8221;1\/4&#8243;]<div class=\"standard-arrow bullet-top\"><ul>\n<li>\n<h4>Tuba<\/h4>\n<\/li>\n<li>\n<h4>Lubrifikant\u00eb<\/h4>\n<\/li>\n<li>\n<h4>Filtra<\/h4>\n<\/li>\n<\/ul>\n<\/div>[\/vc_column_inner][vc_column_inner width=&#8221;1\/4&#8243;][vc_single_image image=&#8221;59&#8243; img_size=&#8221;full&#8221; css=&#8221;.vc_custom_1554735152439{margin-top: -60px !important;margin-left: -70px !important;}&#8221;][\/vc_column_inner][vc_column_inner width=&#8221;1\/4&#8243;][\/vc_column_inner][\/vc_row_inner][\/vc_column][\/vc_row]<\/p>\n<\/div>","protected":false},"excerpt":{"rendered":"<p>[vc_row][vc_column][vc_custom_heading text=&#8221;Hydropower Albania&#8221; google_fonts=&#8221;font_family:Open%20Sans%3A300%2C300italic%2Cregular%2Citalic%2C600%2C600italic%2C700%2C700italic%2C800%2C800italic|font_style:600%20bold%20regular%3A600%3Anormal&#8221;][vc_separator color=&#8221;custom&#8221; align=&#8221;align_left&#8221; border_width=&#8221;5&#8243; el_width=&#8221;10&#8243; accent_color=&#8221;#e21e26&#8243;][vc_column_text] Hydropower Albania sjell tek ju pjes\u00eb k\u00ebmbimi si pjes\u00eb n\u00ebnkarrocerie, motorri, pompa, filtra, tuba, lubrifikan\u00eb, zinxhir\u00eb. Kompani e themeluar 18 vite me par\u00eb me seli n\u00eb Tiran\u00eb e cila ushtron aktivitetin e saj n\u00eb fush\u00ebn e makinerive t\u00eb r\u00ebnda dhe m\u00eb specifikisht n\u00eb at\u00eb t\u00eb ekskavator\u00ebve.&hellip;<\/p>\n","protected":false},"author":4,"featured_media":0,"parent":0,"menu_order":0,"comment_status":"closed","ping_status":"closed","template":"","meta":{"footnotes":""},"class_list":["post-40","page","type-page","status-publish","hentry","description-off"],"_links":{"self":[{"href":"https:\/\/hydropower.al\/index.php\/wp-json\/wp\/v2\/pages\/40","targetHints":{"allow":["GET"]}}],"collection":[{"href":"https:\/\/hydropower.al\/index.php\/wp-json\/wp\/v2\/pages"}],"about":[{"href":"https:\/\/hydropower.al\/index.php\/wp-json\/wp\/v2\/types\/page"}],"author":[{"embeddable":true,"href":"https:\/\/hydropower.al\/index.php\/wp-json\/wp\/v2\/users\/4"}],"replies":[{"embeddable":true,"href":"https:\/\/hydropower.al\/index.php\/wp-json\/wp\/v2\/comments?post=40"}],"version-history":[{"count":37,"href":"https:\/\/hydropower.al\/index.php\/wp-json\/wp\/v2\/pages\/40\/revisions"}],"predecessor-version":[{"id":2459,"href":"https:\/\/hydropower.al\/index.php\/wp-json\/wp\/v2\/pages\/40\/revisions\/2459"}],"wp:attachment":[{"href":"https:\/\/hydropower.al\/index.php\/wp-json\/wp\/v2\/media?parent=40"}],"curies":[{"name":"wp","href":"https:\/\/api.w.org\/{rel}","templated":true}]}}