{"id":223,"date":"2019-04-09T09:01:09","date_gmt":"2019-04-09T09:01:09","guid":{"rendered":"https:\/\/hydropower.al\/?page_id=223"},"modified":"2022-11-24T15:27:55","modified_gmt":"2022-11-24T14:27:55","slug":"servisi","status":"publish","type":"page","link":"https:\/\/hydropower.al\/index.php\/servisi\/","title":{"rendered":"Servisi"},"content":{"rendered":"<div class=\"wpb-content-wrapper\"><p>[vc_row][vc_column width=&#8221;1\/2&#8243;]<div id=\"ult-carousel-168273542269e0ca16b09c0\" class=\"ult-carousel-wrapper   ult_horizontal\" data-gutter=\"15\" data-rtl=\"false\" ><div class=\"ult-carousel-379285981269e0ca16b08b7 \" >[vc_single_image image=&#8221;229&#8243; img_size=&#8221;full&#8221; alignment=&#8221;center&#8221; onclick=&#8221;link_image&#8221; image_hovers=&#8221;false&#8221;][vc_single_image image=&#8221;230&#8243; img_size=&#8221;full&#8221; alignment=&#8221;center&#8221; onclick=&#8221;link_image&#8221; image_hovers=&#8221;false&#8221;][vc_single_image image=&#8221;228&#8243; img_size=&#8221;full&#8221; alignment=&#8221;center&#8221; onclick=&#8221;link_image&#8221; image_hovers=&#8221;false&#8221;][vc_single_image image=&#8221;227&#8243; img_size=&#8221;full&#8221; alignment=&#8221;center&#8221; onclick=&#8221;link_image&#8221; image_hovers=&#8221;false&#8221;][vc_single_image image=&#8221;226&#8243; img_size=&#8221;full&#8221; alignment=&#8221;center&#8221; onclick=&#8221;link_image&#8221; image_hovers=&#8221;false&#8221;]<\/div><\/div>\t\t\t<script type=\"text\/javascript\">\n\t\t\t\tjQuery(document).ready(function ($) {\n\t\t\t\t\tif( typeof jQuery('.ult-carousel-379285981269e0ca16b08b7').slick == \"function\"){\n\t\t\t\t\t\t$('.ult-carousel-379285981269e0ca16b08b7').slick({dots: false,autoplay: true,autoplaySpeed: \"2000\",speed: \"2000\",infinite: true,arrows: true,nextArrow: '<button type=\"button\" role=\"button\" aria-label=\"Next\" style=\"color:#333333; font-size:20px;\" class=\"slick-next default\"><i class=\"ultsl-arrow-right4\"><\/i><\/button>',prevArrow: '<button type=\"button\" role=\"button\" aria-label=\"Previous\" style=\"color:#333333; font-size:20px;\" class=\"slick-prev default\"><i class=\"ultsl-arrow-left4\"><\/i><\/button>',slidesToScroll:1,slidesToShow:1,swipe: true,draggable: true,touchMove: true,pauseOnHover: true,pauseOnFocus: false,responsive: [\n\t\t\t\t\t\t\t{\n\t\t\t\t\t\t\t  breakpoint: 1026,\n\t\t\t\t\t\t\t  settings: {\n\t\t\t\t\t\t\t\tslidesToShow: 1,\n\t\t\t\t\t\t\t\tslidesToScroll: 1,  \n\t\t\t\t\t\t\t  }\n\t\t\t\t\t\t\t},\n\t\t\t\t\t\t\t{\n\t\t\t\t\t\t\t  breakpoint: 1025,\n\t\t\t\t\t\t\t  settings: {\n\t\t\t\t\t\t\t\tslidesToShow: 1,\n\t\t\t\t\t\t\t\tslidesToScroll: 1\n\t\t\t\t\t\t\t  }\n\t\t\t\t\t\t\t},\n\t\t\t\t\t\t\t{\n\t\t\t\t\t\t\t  breakpoint: 760,\n\t\t\t\t\t\t\t  settings: {\n\t\t\t\t\t\t\t\tslidesToShow: 1,\n\t\t\t\t\t\t\t\tslidesToScroll: 1\n\t\t\t\t\t\t\t  }\n\t\t\t\t\t\t\t}\n\t\t\t\t\t\t],pauseOnDotsHover: true,customPaging: function(slider, i) {\n                   return '<i type=\"button\" style= \"color:#333333;\" class=\"ultsl-record\" data-role=\"none\"><\/i>';\n                },});\n\t\t\t\t\t}\n\t\t\t\t});\n\t\t\t<\/script>\n\t\t\t[\/vc_column][vc_column width=&#8221;1\/2&#8243;][vc_column_text]<\/p>\n<p style=\"text-align: justify;\"><span style=\"color: #000000;\">Si rezultat i nevojave t\u00eb tregut, n\u00eb vitin 2014, Hydropower Sh.p.k hapi servisin e pompave hidraulike.<\/span><br \/>\n<span style=\"color: #000000;\">Servisi i kompanis\u00eb ton\u00eb \u00ebsht\u00eb nd\u00ebrtuar sipas t\u00eb gjitha standardeve dhe teknologjive t\u00eb fundit, t\u00eb cilat garantojn\u00eb nj\u00eb sh\u00ebrbim me kualitet t\u00eb sigurt.<\/span><br \/>\n<span style=\"color: #000000;\">Stafi yn\u00eb i kualifikuar dhe profesional kryen t\u00eb gjitha sh\u00ebrbimet n\u00eb koh\u00eb rekord dhe me cil\u00ebsi maksimale.<\/span><br \/>\n<span style=\"color: #000000;\">N\u00eb servisin ton\u00eb ne riparojm\u00eb t\u00eb gjitha pompat hidraulike. Gjithashtu ne kryejm\u00eb testimet p\u00ebrkat\u00ebse t\u00eb t\u00eb gjitha parametrave p\u00ebr t\u00eb ofruar nj\u00eb sh\u00ebrbim me toleranc\u00eb gabimi thuajse 0.<\/span><\/p>\n<p style=\"text-align: left;\"><span style=\"color: #000000;\">Tiparet q\u00eb na b\u00ebjn\u00eb t\u00eb ve\u00e7ant\u00eb jan\u00eb:<\/span><\/p>\n<p>[\/vc_column_text]<div class=\"standard-arrow list-divider bullet-top\"><ul>\n<li><span style=\"color: #000000;\">Cil\u00ebsia<\/span><\/li>\n<li><span style=\"color: #000000;\">Teknologjia<\/span><\/li>\n<li><span style=\"color: #000000;\">\u00c7mimet konkurruese<\/span><\/li>\n<li><span style=\"color: #000000;\">Garancia<\/span><\/li>\n<li><span style=\"color: #000000;\">Kualifikimi<\/span><\/li>\n<\/ul>\n<\/div>[\/vc_column][\/vc_row][vc_row][vc_column width=&#8221;1\/3&#8243;][vc_column_text]<iframe loading=\"lazy\" src=\"https:\/\/www.youtube.com\/embed\/k9zGgGgnSEI\" width=\"363\" height=\"315\" frameborder=\"0\" allowfullscreen=\"allowfullscreen\"><\/iframe>[\/vc_column_text][\/vc_column][vc_column width=&#8221;1\/3&#8243;][vc_column_text]<iframe loading=\"lazy\" src=\"https:\/\/www.youtube.com\/embed\/WLyXFmWY0fU\" width=\"363\" height=\"315\" frameborder=\"0\" allowfullscreen=\"allowfullscreen\"><\/iframe>[\/vc_column_text][\/vc_column][vc_column width=&#8221;1\/3&#8243;][vc_column_text]<iframe loading=\"lazy\" src=\"https:\/\/www.youtube.com\/embed\/g4SCcyp6-P4\" width=\"363\" height=\"315\" frameborder=\"0\" allowfullscreen=\"allowfullscreen\"><\/iframe>[\/vc_column_text][\/vc_column][\/vc_row][vc_row][vc_column]<div id=\"ult-carousel-262204713569e0ca16b0d5a\" class=\"ult-carousel-wrapper   ult_horizontal\" data-gutter=\"15\" data-rtl=\"false\" ><div class=\"ult-carousel-191212426369e0ca16b0d17 \" >[vc_single_image image=&#8221;234&#8243; img_size=&#8221;full&#8221; alignment=&#8221;center&#8221; image_hovers=&#8221;false&#8221;][vc_single_image image=&#8221;238&#8243; img_size=&#8221;full&#8221; alignment=&#8221;center&#8221; image_hovers=&#8221;false&#8221;][vc_single_image image=&#8221;241&#8243; img_size=&#8221;full&#8221; alignment=&#8221;center&#8221; image_hovers=&#8221;false&#8221;][vc_single_image image=&#8221;237&#8243; img_size=&#8221;full&#8221; alignment=&#8221;center&#8221; image_hovers=&#8221;false&#8221;][vc_single_image image=&#8221;240&#8243; img_size=&#8221;full&#8221; alignment=&#8221;center&#8221; image_hovers=&#8221;false&#8221;][vc_single_image image=&#8221;236&#8243; img_size=&#8221;full&#8221; alignment=&#8221;center&#8221; image_hovers=&#8221;false&#8221;][vc_single_image image=&#8221;239&#8243; img_size=&#8221;full&#8221; alignment=&#8221;center&#8221; image_hovers=&#8221;false&#8221;][vc_single_image image=&#8221;235&#8243; img_size=&#8221;full&#8221; alignment=&#8221;center&#8221; image_hovers=&#8221;false&#8221;]<\/div><\/div>\t\t\t<script type=\"text\/javascript\">\n\t\t\t\tjQuery(document).ready(function ($) {\n\t\t\t\t\tif( typeof jQuery('.ult-carousel-191212426369e0ca16b0d17').slick == \"function\"){\n\t\t\t\t\t\t$('.ult-carousel-191212426369e0ca16b0d17').slick({dots: true,autoplay: true,autoplaySpeed: \"2000\",speed: \"2000\",infinite: true,arrows: true,nextArrow: '<button type=\"button\" role=\"button\" aria-label=\"Next\" style=\"color:#333333; font-size:20px;\" class=\"slick-next default\"><i class=\"ultsl-arrow-right4\"><\/i><\/button>',prevArrow: '<button type=\"button\" role=\"button\" aria-label=\"Previous\" style=\"color:#333333; font-size:20px;\" class=\"slick-prev default\"><i class=\"ultsl-arrow-left4\"><\/i><\/button>',slidesToScroll:4,slidesToShow:4,swipe: true,draggable: true,touchMove: true,pauseOnHover: true,pauseOnFocus: false,responsive: [\n\t\t\t\t\t\t\t{\n\t\t\t\t\t\t\t  breakpoint: 1026,\n\t\t\t\t\t\t\t  settings: {\n\t\t\t\t\t\t\t\tslidesToShow: 4,\n\t\t\t\t\t\t\t\tslidesToScroll: 4,  \n\t\t\t\t\t\t\t  }\n\t\t\t\t\t\t\t},\n\t\t\t\t\t\t\t{\n\t\t\t\t\t\t\t  breakpoint: 1025,\n\t\t\t\t\t\t\t  settings: {\n\t\t\t\t\t\t\t\tslidesToShow: 1,\n\t\t\t\t\t\t\t\tslidesToScroll: 1\n\t\t\t\t\t\t\t  }\n\t\t\t\t\t\t\t},\n\t\t\t\t\t\t\t{\n\t\t\t\t\t\t\t  breakpoint: 760,\n\t\t\t\t\t\t\t  settings: {\n\t\t\t\t\t\t\t\tslidesToShow: 1,\n\t\t\t\t\t\t\t\tslidesToScroll: 1\n\t\t\t\t\t\t\t  }\n\t\t\t\t\t\t\t}\n\t\t\t\t\t\t],pauseOnDotsHover: true,customPaging: function(slider, i) {\n                   return '<i type=\"button\" style= \"color:#333333;\" class=\"ultsl-record\" data-role=\"none\"><\/i>';\n                },});\n\t\t\t\t\t}\n\t\t\t\t});\n\t\t\t<\/script>\n\t\t\t[\/vc_column][\/vc_row]<\/p>\n<\/div>","protected":false},"excerpt":{"rendered":"<p>[vc_row][vc_column width=&#8221;1\/2&#8243;][\/vc_column][vc_column width=&#8221;1\/2&#8243;][vc_column_text] Si rezultat i nevojave t\u00eb tregut, n\u00eb vitin 2014, Hydropower Sh.p.k hapi servisin e pompave hidraulike. Servisi i kompanis\u00eb ton\u00eb \u00ebsht\u00eb nd\u00ebrtuar sipas t\u00eb gjitha standardeve dhe teknologjive t\u00eb fundit, t\u00eb cilat garantojn\u00eb nj\u00eb sh\u00ebrbim me kualitet t\u00eb sigurt. Stafi yn\u00eb i kualifikuar dhe profesional kryen t\u00eb gjitha sh\u00ebrbimet n\u00eb koh\u00eb rekord&hellip;<\/p>\n","protected":false},"author":4,"featured_media":0,"parent":0,"menu_order":0,"comment_status":"closed","ping_status":"closed","template":"","meta":{"footnotes":""},"class_list":["post-223","page","type-page","status-publish","hentry","description-off"],"_links":{"self":[{"href":"https:\/\/hydropower.al\/index.php\/wp-json\/wp\/v2\/pages\/223","targetHints":{"allow":["GET"]}}],"collection":[{"href":"https:\/\/hydropower.al\/index.php\/wp-json\/wp\/v2\/pages"}],"about":[{"href":"https:\/\/hydropower.al\/index.php\/wp-json\/wp\/v2\/types\/page"}],"author":[{"embeddable":true,"href":"https:\/\/hydropower.al\/index.php\/wp-json\/wp\/v2\/users\/4"}],"replies":[{"embeddable":true,"href":"https:\/\/hydropower.al\/index.php\/wp-json\/wp\/v2\/comments?post=223"}],"version-history":[{"count":14,"href":"https:\/\/hydropower.al\/index.php\/wp-json\/wp\/v2\/pages\/223\/revisions"}],"predecessor-version":[{"id":2446,"href":"https:\/\/hydropower.al\/index.php\/wp-json\/wp\/v2\/pages\/223\/revisions\/2446"}],"wp:attachment":[{"href":"https:\/\/hydropower.al\/index.php\/wp-json\/wp\/v2\/media?parent=223"}],"curies":[{"name":"wp","href":"https:\/\/api.w.org\/{rel}","templated":true}]}}